{"id":19,"date":"2013-11-16T00:00:00","date_gmt":"2013-11-16T00:00:00","guid":{"rendered":"http:\/\/localhost\/Themes\/2017\/Vision\/Website_WP\/index.php\/getting-started\/"},"modified":"2022-04-05T08:30:26","modified_gmt":"2022-04-05T08:30:26","slug":"getting-started","status":"publish","type":"page","link":"https:\/\/test1.qhub.it\/","title":{"rendered":"Home"},"content":{"rendered":"<ul>\n<li>\n<p>        <img src=\"\/wp-content\/uploads\/photo-1598313045593-b116f334a19f-scaled.jpg\" alt=\"\"><\/p>\n<h3>Ambiente<\/h3>\n<p><a href=\"\/index.php?page_id=627\">Accedi qui<\/a><\/p>\n<\/li>\n<li>\n<p>        <img src=\"\/wp-content\/uploads\/Peolpe-crm-scaled.jpg\" alt=\"\"><\/p>\n<h3>CRM<\/h3>\n<p><a href=\"\/index.php?page_id=806\">Accedi qui<\/a><\/p>\n<\/li>\n<li>\n<p>        <img src=\"\/wp-content\/uploads\/photo-1526314114033-349ef6f72220-scaled.jpg\" alt=\"\"><\/p>\n<h3>Documenti Web<\/h3>\n<p><a href=\"\/index.php?page_id=27\">Accedi qui<\/a><\/p>\n<\/li>\n<li>\n<p>        <img src=\"\/wp-content\/uploads\/photo-1454165804606-c3d57bc86b40-scaled.jpg\" alt=\"\"><\/p>\n<h3>Fatturazione Elettronica<\/h3>\n<p><a href=\"\/index.php?page_id=26\">Accedi qui<\/a><\/p>\n<\/li>\n<li>\n<p>        <img src=\"\/wp-content\/uploads\/photo-1523875194681-bedd468c58bf-scaled.jpg\" alt=\"\"><\/p>\n<h3>Gestione Aziendale<\/h3>\n<p><a href=\"\/index.php?page_id=675\">Accedi qui<\/a><\/p>\n<\/li>\n<li>\n<p>        <img src=\"\/wp-content\/uploads\/photo-1575556543355-cb5a413a863a-scaled.jpg\" alt=\"\"><\/p>\n<h3>Gestione Consorzi Energetici<\/h3>\n<p><a href=\"\/index.php?page_id=25\">Accedi qui<\/a><\/p>\n<\/li>\n<li>\n<p>        <img src=\"\/wp-content\/uploads\/photo-1535350356005-fd52b3b524fb-scaled.jpg\" alt=\"\"><\/p>\n<h3>Registro Forniture<\/h3>\n<p><a href=\"http:\/\/www.artigianinet.com\/servizi\/registroforniture\/homepage.aspx\">Accedi qui<\/a><\/p>\n<\/li>\n<li>\n<p>        <img src=\"\/wp-content\/uploads\/photo-1483446227769-9137a8af8667-scaled.jpg\" alt=\"\"><\/p>\n<h3>Rilevazione Presenze<\/h3>\n<p><a href=\"\/index.php?page_id=682\">Accedi qui<\/a><\/p>\n<\/li>\n<\/ul>\n<p><img src=\"\/wp-content\/uploads\/AdobeStock_258902463_arancio_72dpi.jpg\" alt=\"MSP\"><\/p>\n<h1>Oltre 30 anni di esperienza nel campo IT<\/h1>\n<div>\n<p>Il punto di riferimento per le piccole e medie imprese e per le Associazioni di Categoria<\/p>\n<\/div>\n<p>\n    <a href=\"\/index.php?page_id=21\">Scopri di pi\u00f9<\/a>\n<\/p>\n<h1>I Servizi<\/h1>\n<ul>\n<li>\n<p>        <img src=\"\/wp-content\/uploads\/photo-1526314114033-349ef6f72220-scaled.jpg\" alt=\"\"><\/p>\n<h2>Documenti Web<\/h2>\n<div>\n<p>Gestire i documenti, eliminando i dossier cartacei, liberando spazio e favorendo il lavoro da remoto senza limiti.<\/p>\n<\/div>\n<p><a href=\"\/index.php?page_id=27\"><\/a><\/p>\n<\/li>\n<li>\n<p>        <img src=\"\/wp-content\/uploads\/photo-1454165804606-c3d57bc86b40-scaled.jpg\" alt=\"\"><\/p>\n<h2>Fatturazione Elettronica<\/h2>\n<div>\n<p>La piattaforma che permette la gestione di tutta la procedura: compilazione, firma e invio.<\/p>\n<\/div>\n<p><a href=\"\/index.php?page_id=26\"><\/a><\/p>\n<\/li>\n<li>\n<p>        <img src=\"\/wp-content\/uploads\/photo-1598313045593-b116f334a19f.jpg\" alt=\"\"><\/p>\n<h2>Ambiente<\/h2>\n<div>\n<p>Gestione rifiuti con prima nota. Gestione pratiche, controllo consumi ed emissioni in atmosfera.<\/p>\n<\/div>\n<p><a href=\"\/index.php?page_id=627\"><\/a><\/p>\n<\/li>\n<li>\n<p>        <img src=\"\/wp-content\/uploads\/photo-1535350356005-fd52b3b524fb-scaled.jpg\" alt=\"\"><\/p>\n<h2>Registro Forniture<\/h2>\n<div>\n<p><span data-contrast=\"none\" xml:lang=\"IT-IT\" class=\"TextRun  BCX0 SCXW168606416\" lang=\"IT-IT\"><span class=\"NormalTextRun  BCX0 SCXW168606416\"><span>Gestione degli adempimenti previsti dal DPR 404 del 5\/10\/2001 per la trasmissione in via telematica all&#8217; Agenzia delle Entrate entro la scadenza prevista.<\/span><\/span><\/span><\/p>\n<\/div>\n<p><a href=\"http:\/\/www.artigianinet.com\/servizi\/registroforniture\/homepage.aspx\"><\/a><\/p>\n<\/li>\n<li>\n<p>        <img src=\"\/wp-content\/uploads\/Peolpe-crm-scaled.jpg\" alt=\"\"><\/p>\n<h2>CRM<\/h2>\n<div>\n<p><span data-contrast=\"none\" xml:lang=\"IT-IT\" class=\"TextRun SCXW59987962 BCX0\" lang=\"IT-IT\"><span class=\"NormalTextRun SCXW59987962 BCX0\"> Gestire la relazione con i clienti grazie a dashboard personalizzate: le anagrafiche, le comunicazioni, le quote d&#8217;iscrizione &#8230;<br \/><\/span><\/span><\/p>\n<\/div>\n<p><a href=\"\/index.php?page_id=806\"><\/a><\/p>\n<\/li>\n<li>\n<p>        <img src=\"\/wp-content\/uploads\/photo-1523875194681-bedd468c58bf-scaled.jpg\" alt=\"\"><\/p>\n<h2>Gestione Aziendale<\/h2>\n<div>\n<p>Gestione delle piccole e micro imprese.<\/p>\n<\/div>\n<p><a href=\"\/index.php?page_id=675\"><\/a><\/p>\n<\/li>\n<li>\n<p>        <img src=\"\/wp-content\/uploads\/photo-1483446227769-9137a8af8667-scaled.jpg\" alt=\"\"><\/p>\n<h2>Rilevazione Presenze<\/h2>\n<div>\n<p><span data-contrast=\"none\" xml:lang=\"IT-IT\" class=\"TextRun  BCX0 SCXW168606416\" lang=\"IT-IT\"><span class=\"NormalTextRun  BCX0 SCXW168606416\">Gestire i cedolini paghe in modo digitale tramite applicativo per la rilevazione presenze.<\/span><\/span><\/p>\n<\/div>\n<p><a href=\"\/index.php?page_id=682\"><\/a><\/p>\n<\/li>\n<li>\n<p>        <img src=\"\/wp-content\/uploads\/photo-1575556543355-cb5a413a863a-scaled.jpg\" alt=\"\"><\/p>\n<h2>Gestione Consorzi Energetici<\/h2>\n<div>\n<p><span data-contrast=\"none\" xml:lang=\"IT-IT\" class=\"TextRun SCXW125327996 BCX0\" lang=\"IT-IT\"><span class=\"NormalTextRun SCXW125327996 BCX0\"> Gestire il servizio erogazione di energia elettrica e gas tramite una serie di applicativi.<span class=\"EOP SCXW125327996 BCX0\" data-ccp-props=\"{&quot;201341983&quot;:0,&quot;335551550&quot;:6,&quot;335551620&quot;:6,&quot;335559739&quot;:160,&quot;335559740&quot;:240}\"> <\/span><\/span><\/span><\/p>\n<\/div>\n<p><a href=\"\/index.php?page_id=25\"><\/a><\/p>\n<\/li>\n<\/ul>\n<div>\n<h2>Perch\u00e8 dovresti sceglierci?<\/h2>\n<div>\n<h5 style=\"text-align: justify;\">Differenziarsi sul mercato in un\u2019epoca nella quale la tecnologia acquisisce sempre maggior peso nella giornata lavorativa, dove \u00e8 necessario rinnovarsi nei processi interni ed esterni per incrementare la produttivit\u00e0 e l\u2019efficienza, non \u00e8 un processo facile per chi non ha familiarit\u00e0 in questo campo ed \u00e8 proprio qui che <strong>Qhub<\/strong> pu\u00f2 aiutarti ad ottenere quello che desideri, semplificando i modi e accorciando i tempi.<\/h5>\n<\/div>\n<p><a href=\"\/index.php?page_id=22\"><\/a><\/p>\n<\/div>\n<h2>I Nostri<span class=\"uk-text-primary\"> Partners<\/span><\/h2>\n<ul>\n<li>\n<p>        <img src=\"\/wp-content\/uploads\/EuroInformatica-logo-grigio.jpg\" alt=\"\"><\/p>\n<h3>Euro informatica<\/h3>\n<\/li>\n<li>\n<p>        <img src=\"\/wp-content\/uploads\/Infonet-logo-grande-grigio.jpg\" alt=\"\"><\/p>\n<h3>Infonet Solutions<\/h3>\n<p><a href=\"\/index.php?page_id=29\"><\/a><\/p>\n<\/li>\n<li>\n<p>        <img src=\"\/wp-content\/uploads\/logo-irideos.svg\" alt=\"\"><\/p>\n<h3>Irideos<\/h3>\n<p><a href=\"\/index.php?page_id=29\"><\/a><\/p>\n<\/li>\n<li>\n<p>        <img src=\"\/wp-content\/uploads\/Sistemilogo.png\" alt=\"\"><\/p>\n<h3>Sistemi<\/h3>\n<p><a href=\"\/index.php?page_id=29\"><\/a><\/p>\n<\/li>\n<\/ul>\n<p><!--more--><br \/>\n<!-- {\"name\":\"Home\",\"type\":\"layout\",\"children\":[{\"name\":\"Hero\",\"type\":\"section\",\"props\":{\"width\":\"xlarge\",\"style\":\"default\",\"media\":\"images\\\/home-header.jpg\",\"height_viewport\":true,\"header_overlay\":\"light\",\"image\":\"\",\"media_advanced\":true,\"image_size\":\"cover\",\"media_background\":null,\"media_overlay\":null,\"image_position\":\"top-center\",\"vertical_align\":\"middle\",\"title_position\":\"top-left\",\"title_rotation\":\"left\",\"title_breakpoint\":\"xl\",\"image_width\":\"1560\",\"padding_remove_top\":true,\"padding_remove_bottom\":true,\"padding_remove_horizontal\":true,\"status\":\"\"},\"children\":[{\"type\":\"row\",\"children\":[{\"type\":\"column\",\"props\":{\"position_sticky_breakpoint\":\"m\",\"image_position\":\"center-center\",\"media_overlay_gradient\":\"\"},\"children\":[{\"type\":\"slideshow\",\"props\":{\"show_title\":true,\"show_meta\":true,\"show_content\":true,\"show_link\":true,\"show_thumbnail\":true,\"slideshow_min_height\":300,\"slideshow_autoplay_pause\":true,\"nav\":\"dotnav\",\"nav_position\":\"bottom-center\",\"nav_position_margin\":\"medium\",\"nav_align\":\"center\",\"nav_breakpoint\":\"s\",\"thumbnav_width\":\"100\",\"thumbnav_height\":\"75\",\"thumbnav_svg_color\":\"emphasis\",\"slidenav\":\"\",\"slidenav_margin\":\"medium\",\"slidenav_breakpoint\":\"s\",\"slidenav_outside_breakpoint\":\"xl\",\"overlay_position\":\"bottom-right\",\"overlay_animation\":\"parallax\",\"title_element\":\"h3\",\"meta_style\":\"meta\",\"meta_align\":\"below-title\",\"meta_element\":\"div\",\"link_text\":\"Accedi qui\",\"link_style\":\"secondary\",\"margin\":\"default\",\"slideshow_box_shadow\":\"small\",\"slideshow_box_decoration\":\"shadow\",\"slideshow_animation\":\"scale\",\"slideshow_kenburns\":\"center-center\",\"nav_below\":false,\"overlay_container\":\"expand\",\"overlay_width\":\"2xlarge\",\"title_style\":\"h1\",\"title_color\":\"warning\",\"link_target\":true,\"text_align\":\"center\",\"slideshow_velocity\":\"0.2\",\"slideshow_autoplay\":true,\"slideshow_height\":\"percent\",\"overlay_style\":\"overlay-default\",\"overlay_padding\":\"small\",\"content_style\":\"meta\",\"overlay_container_padding\":\"\",\"overlay_parallax_x_start\":\"0\",\"overlay_parallax_x_end\":\"0\"},\"children\":[{\"type\":\"slideshow_item\",\"props\":{\"image\":\"wp-content\\\/uploads\\\/photo-1598313045593-b116f334a19f-scaled.jpg\",\"title\":\"Ambiente\",\"link\":\"index.php?page_id=627\",\"text_color\":\"light\"}},{\"type\":\"slideshow_item\",\"props\":{\"image\":\"wp-content\\\/uploads\\\/Peolpe-crm-scaled.jpg\",\"title\":\"CRM\",\"link\":\"index.php?page_id=806\",\"text_color\":\"light\"}},{\"type\":\"slideshow_item\",\"props\":{\"image\":\"wp-content\\\/uploads\\\/photo-1526314114033-349ef6f72220-scaled.jpg\",\"title\":\"Documenti Web\",\"link\":\"index.php?page_id=27\",\"text_color\":\"light\"}},{\"type\":\"slideshow_item\",\"props\":{\"image\":\"wp-content\\\/uploads\\\/photo-1454165804606-c3d57bc86b40-scaled.jpg\",\"title\":\"Fatturazione Elettronica\",\"text_color\":\"light\",\"link\":\"index.php?page_id=26\"}},{\"type\":\"slideshow_item\",\"props\":{\"image\":\"wp-content\\\/uploads\\\/photo-1523875194681-bedd468c58bf-scaled.jpg\",\"link\":\"index.php?page_id=675\",\"title\":\"Gestione Aziendale\"}},{\"type\":\"slideshow_item\",\"props\":{\"image\":\"wp-content\\\/uploads\\\/photo-1575556543355-cb5a413a863a-scaled.jpg\",\"title\":\"Gestione Consorzi Energetici\",\"link\":\"index.php?page_id=25\"}},{\"type\":\"slideshow_item\",\"props\":{\"image\":\"wp-content\\\/uploads\\\/photo-1535350356005-fd52b3b524fb-scaled.jpg\",\"title\":\"Registro Forniture\",\"link\":\"http:\\\/\\\/www.artigianinet.com\\\/servizi\\\/registroforniture\\\/homepage.aspx\"}},{\"type\":\"slideshow_item\",\"props\":{\"image\":\"wp-content\\\/uploads\\\/photo-1483446227769-9137a8af8667-scaled.jpg\",\"title\":\"Rilevazione Presenze\",\"link\":\"index.php?page_id=682\"}}]}]}]}]},{\"name\":\"Company\",\"type\":\"section\",\"props\":{\"width\":\"\",\"style\":\"default\",\"media\":\"\",\"height_viewport\":false,\"header_overlay\":\"light\",\"padding_remove_top\":false,\"image_size\":\"cover\",\"image_position\":\"center-center\",\"vertical_align\":\"middle\",\"title_position\":\"top-left\",\"title_rotation\":\"left\",\"title_breakpoint\":\"xl\",\"image\":\"\",\"image_width\":\"1560\",\"animation_delay\":false,\"image_effect\":\"parallax\",\"image_parallax_bgy_start\":\"-100\",\"image_parallax_bgy_end\":\"100\",\"image_parallax_breakpoint\":\"m\",\"width_expand\":\"left\",\"padding_remove_horizontal\":false,\"height\":\"expand\"},\"children\":[{\"name\":\"\",\"type\":\"row\",\"props\":{\"layout\":\"1-2,1-2\",\"vertical_align\":false,\"row_gap\":\"collapse\",\"match\":false},\"children\":[{\"name\":\"\",\"type\":\"column\",\"props\":{\"image_position\":\"center-center\",\"media_overlay_gradient\":\"\",\"vertical_align\":\"middle\",\"padding\":\"none\",\"width_medium\":\"1-2\",\"position_sticky_breakpoint\":\"m\"},\"children\":[{\"type\":\"image\",\"props\":{\"margin\":\"remove-vertical\",\"image_svg_color\":\"emphasis\",\"image_box_decoration\":\"shadow\",\"text_align\":\"left\",\"animation\":\"fade\",\"image\":\"wp-content\\\/uploads\\\/AdobeStock_258902463_arancio_72dpi.jpg\",\"image_alt\":\"MSP\",\"image_height\":\"auto\"}}]},{\"type\":\"column\",\"props\":{\"image_position\":\"center-center\",\"media_overlay_gradient\":\"\",\"vertical_align\":\"middle\",\"padding\":\"none\",\"width_medium\":\"1-2\",\"position_sticky_breakpoint\":\"m\"},\"children\":[{\"type\":\"headline\",\"props\":{\"title_element\":\"h1\",\"title_style\":\"h1\",\"title_color\":\"primary\",\"text_align\":\"left\",\"animation\":\"fade\",\"content\":\"Oltre 30 anni di esperienza nel campo IT\"}},{\"type\":\"text\",\"props\":{\"margin\":\"default\",\"column_breakpoint\":\"m\",\"text_size\":\"large\",\"animation\":\"fade\",\"content\":\"\n\n<p>Il punto di riferimento per le piccole e medie imprese e per le Associazioni di Categoria<\\\/p>\"}},{\"type\":\"button\",\"props\":{\"grid_column_gap\":\"small\",\"grid_row_gap\":\"small\",\"margin\":\"default\",\"animation\":\"fade\"},\"children\":[{\"type\":\"button_item\",\"props\":{\"button_style\":\"primary\",\"icon_align\":\"left\",\"content\":\"Scopri di pi\\u00f9\",\"link\":\"index.php?page_id=21\"}}]}]}]}]},{\"name\":\"Servizi\",\"type\":\"section\",\"props\":{\"width\":\"large\",\"style\":\"muted\",\"media\":\"\",\"height_viewport\":false,\"header_overlay\":\"light\",\"animation\":\"slide-top-small\",\"padding_remove_top\":false,\"image_size\":\"cover\",\"image_position\":\"center-center\",\"vertical_align\":\"middle\",\"title_position\":\"center-left\",\"title_rotation\":\"left\",\"title_breakpoint\":\"xl\",\"title\":\"Servizi\",\"animation_delay\":false,\"padding_remove_horizontal\":false,\"overlap\":false,\"image\":\"\",\"id\":\"Servizi\",\"padding\":\"large\",\"padding_remove_bottom\":false},\"children\":[{\"name\":\"\",\"type\":\"row\",\"props\":{\"match\":true,\"column_gap\":\"small\",\"row_gap\":\"small\",\"class\":\"\"},\"children\":[{\"name\":\"\",\"type\":\"column\",\"props\":{\"image_position\":\"center-center\",\"media_overlay_gradient\":\"\",\"width_medium\":\"1-1\",\"position_sticky_breakpoint\":\"m\"},\"children\":[{\"type\":\"headline\",\"props\":{\"title_element\":\"h1\",\"content\":\"I Servizi\",\"title_style\":\"h1\",\"title_font_family\":\"secondary\",\"title_color\":\"primary\",\"title_decoration\":\"line\"}},{\"name\":\"\",\"type\":\"grid\",\"props\":{\"show_title\":true,\"show_meta\":true,\"show_content\":true,\"show_image\":true,\"show_link\":true,\"grid_default\":\"1\",\"grid_medium\":\"4\",\"title_element\":\"h2\",\"meta_style\":\"meta\",\"meta_align\":\"below-title\",\"image_align\":\"top\",\"image_grid_width\":\"1-2\",\"link_text\":\"\",\"link_style\":\"default\",\"margin\":\"default\",\"text_align\":\"center\",\"panel_style\":\"card-hover\",\"title_style\":\"h4\",\"grid_small\":\"2\",\"filter_style\":\"tab\",\"filter_all\":true,\"filter_position\":\"top\",\"filter_align\":\"left\",\"filter_grid_width\":\"auto\",\"image_svg_color\":\"primary\",\"item_animation\":true,\"image_svg_inline\":true,\"image_svg_animate\":true,\"grid_column_gap\":\"medium\",\"grid_row_gap\":\"medium\",\"filter_grid_breakpoint\":\"m\",\"image_grid_breakpoint\":\"m\",\"panel_link\":true,\"title_hover_style\":\"reset\",\"title_align\":\"top\",\"title_grid_width\":\"1-2\",\"title_grid_breakpoint\":\"m\",\"icon_width\":80,\"panel_padding\":\"default\",\"meta_element\":\"div\",\"content_column_breakpoint\":\"m\",\"image_width\":\"300\",\"image_height\":\"200\",\"title_color\":\"warning\"},\"children\":[{\"name\":\"\",\"type\":\"grid_item\",\"props\":{\"content\":\"\n\n<p>Gestire i documenti, eliminando i dossier cartacei, liberando spazio e favorendo il lavoro da remoto senza limiti.<\\\/p>\",\"title\":\"Documenti Web\",\"image\":\"wp-content\\\/uploads\\\/photo-1526314114033-349ef6f72220-scaled.jpg\",\"link\":\"index.php?page_id=27\",\"meta\":\"\"}},{\"type\":\"grid_item\",\"props\":{\"image\":\"wp-content\\\/uploads\\\/photo-1454165804606-c3d57bc86b40-scaled.jpg\",\"title\":\"Fatturazione Elettronica\",\"meta\":\"\",\"panel_style\":\"card-hover\",\"link\":\"index.php?page_id=26\",\"content\":\"\n\n<p>La piattaforma che permette la gestione di tutta la procedura: compilazione, firma e invio.<\\\/p>\"}},{\"name\":\"\",\"type\":\"grid_item\",\"props\":{\"content\":\"\n\n<p>Gestione rifiuti con prima nota. Gestione pratiche, controllo consumi ed emissioni in atmosfera.<\\\/p>\",\"title\":\"Ambiente\",\"image\":\"wp-content\\\/uploads\\\/photo-1598313045593-b116f334a19f.jpg\",\"link\":\"index.php?page_id=627\",\"panel_style\":\"card-hover\"}},{\"type\":\"grid_item\",\"props\":{\"title\":\"Registro Forniture\",\"image\":\"wp-content\\\/uploads\\\/photo-1535350356005-fd52b3b524fb-scaled.jpg\",\"content\":\"\n\n<p><span data-contrast=\\\"none\\\" xml:lang=\\\"IT-IT\\\" class=\\\"TextRun  BCX0 SCXW168606416\\\" lang=\\\"IT-IT\\\"><span class=\\\"NormalTextRun  BCX0 SCXW168606416\\\"><span>Gestione degli adempimenti previsti dal DPR 404 del 5\\\/10\\\/2001 per la trasmissione in via telematica all' Agenzia delle Entrate entro la scadenza prevista.<\\\/span><\\\/span><\\\/span><\\\/p>\",\"link\":\"http:\\\/\\\/www.artigianinet.com\\\/servizi\\\/registroforniture\\\/homepage.aspx\"}},{\"type\":\"grid_item\",\"props\":{\"title\":\"CRM\",\"image\":\"wp-content\\\/uploads\\\/Peolpe-crm-scaled.jpg\",\"content\":\"\n\n<p><span data-contrast=\\\"none\\\" xml:lang=\\\"IT-IT\\\" class=\\\"TextRun SCXW59987962 BCX0\\\" lang=\\\"IT-IT\\\"><span class=\\\"NormalTextRun SCXW59987962 BCX0\\\"> Gestire la relazione con i clienti grazie a dashboard personalizzate: le anagrafiche, le comunicazioni, le quote d'iscrizione ...<br \\\/><\\\/span><\\\/span><\\\/p>\",\"link\":\"index.php?page_id=806\"}},{\"type\":\"grid_item\",\"props\":{\"title\":\"Gestione Aziendale\",\"image\":\"wp-content\\\/uploads\\\/photo-1523875194681-bedd468c58bf-scaled.jpg\",\"content\":\"\n\n<p>Gestione delle piccole e micro imprese.<\\\/p>\",\"link\":\"index.php?page_id=675\"}},{\"type\":\"grid_item\",\"props\":{\"title\":\"Rilevazione Presenze\",\"image\":\"wp-content\\\/uploads\\\/photo-1483446227769-9137a8af8667-scaled.jpg\",\"content\":\"\n\n<p><span data-contrast=\\\"none\\\" xml:lang=\\\"IT-IT\\\" class=\\\"TextRun  BCX0 SCXW168606416\\\" lang=\\\"IT-IT\\\"><span class=\\\"NormalTextRun  BCX0 SCXW168606416\\\">Gestire i cedolini paghe in modo digitale tramite applicativo per la rilevazione presenze.<\\\/span><\\\/span><\\\/p>\",\"link\":\"index.php?page_id=682\"}},{\"name\":\"\",\"type\":\"grid_item\",\"props\":{\"content\":\"\n\n<p><span data-contrast=\\\"none\\\" xml:lang=\\\"IT-IT\\\" class=\\\"TextRun SCXW125327996 BCX0\\\" lang=\\\"IT-IT\\\"><span class=\\\"NormalTextRun SCXW125327996 BCX0\\\"> Gestire il servizio erogazione di energia elettrica e gas tramite una serie di applicativi.<span class=\\\"EOP SCXW125327996 BCX0\\\" data-ccp-props=\\\"{&quot;201341983&quot;:0,&quot;335551550&quot;:6,&quot;335551620&quot;:6,&quot;335559739&quot;:160,&quot;335559740&quot;:240}\\\"> <\\\/span><\\\/span><\\\/span><\\\/p>\",\"title\":\"Gestione Consorzi Energetici\",\"image\":\"wp-content\\\/uploads\\\/photo-1575556543355-cb5a413a863a-scaled.jpg\",\"link\":\"index.php?page_id=25\",\"meta\":\"\"}}]}]}]}]},{\"name\":\"Projects\",\"type\":\"section\",\"props\":{\"width\":\"\",\"padding\":\"small\",\"style\":\"default\",\"media\":\"\",\"height_viewport\":false,\"header_overlay\":\"light\",\"animation\":\"fade\",\"padding_remove_top\":false,\"image_size\":\"cover\",\"image_position\":\"center-center\",\"vertical_align\":\"middle\",\"title_position\":\"top-left\",\"title_rotation\":\"left\",\"title_breakpoint\":\"xl\",\"image\":\"\",\"image_width\":\"1567\",\"image_height\":\"569\",\"animation_delay\":false},\"children\":[{\"name\":\"\",\"type\":\"row\",\"props\":{\"layout\":\"3-4,1-4\",\"vertical_align\":true,\"margin\":\"remove-vertical\",\"column_gap\":\"collapse\",\"row_gap\":\"collapse\",\"divider\":false,\"match\":false},\"children\":[{\"name\":\"\",\"type\":\"column\",\"props\":{\"image_position\":\"center-center\",\"vertical_align\":\"middle\",\"style\":\"secondary\",\"padding\":\"small\",\"media_overlay_gradient\":\"\",\"preserve_color\":false,\"width_small\":\"3-4\",\"position_sticky_breakpoint\":\"m\"},\"children\":[{\"name\":\"\",\"type\":\"panel\",\"props\":{\"link_text\":\"\",\"title_element\":\"h2\",\"meta_style\":\"meta\",\"meta_align\":\"below-title\",\"image_align\":\"top\",\"image_grid_width\":\"1-2\",\"link_style\":\"default\",\"margin\":\"default\",\"title\":\"Perch\\u00e8 dovresti sceglierci?\",\"content\":\"\n\n<h5 style=\\\"text-align: justify;\\\">Differenziarsi sul mercato in un\\u2019epoca nella quale la tecnologia acquisisce sempre maggior peso nella giornata lavorativa, dove \\u00e8 necessario rinnovarsi nei processi interni ed esterni per incrementare la produttivit\\u00e0 e l\\u2019efficienza, non \\u00e8 un processo facile per chi non ha familiarit\\u00e0 in questo campo ed \\u00e8 proprio qui che <strong>Qhub<\\\/strong> pu\\u00f2 aiutarti ad ottenere quello che desideri, semplificando i modi e accorciando i tempi.<\\\/h5>\",\"icon\":\"\",\"link\":\"index.php?page_id=22\",\"text_align\":\"left\",\"title_style\":\"h2\",\"image_svg_color\":\"emphasis\",\"block_align\":\"right\",\"image_grid_breakpoint\":\"m\",\"title_hover_style\":\"reset\",\"title_align\":\"top\",\"title_grid_width\":\"1-2\",\"title_grid_breakpoint\":\"m\",\"title_color\":\"warning\",\"animation\":\"fade\",\"icon_width\":80,\"panel_padding\":\"\",\"panel_card_size\":\"\",\"meta_element\":\"div\",\"content_column_breakpoint\":\"m\"}}]},{\"name\":\"\",\"type\":\"column\",\"props\":{\"image_position\":\"center-center\",\"vertical_align\":\"middle\",\"style\":\"default\",\"media_overlay_gradient\":\"\",\"image\":\"wp-content\\\/uploads\\\/photo-1557318041-1ce374d55ebf-scaled.jpg\",\"image_size\":\"cover\",\"media_overlay\":\"rgba(203, 80, 50, 0.52)\",\"media_background\":\"#CB3232\",\"width_small\":\"1-4\",\"position_sticky_breakpoint\":\"m\"},\"children\":[]}]}]},{\"name\":\"Clients\",\"type\":\"section\",\"props\":{\"style\":\"default\",\"width\":\"default\",\"vertical_align\":\"middle\",\"title_position\":\"top-left\",\"title_rotation\":\"left\",\"title_breakpoint\":\"xl\",\"image_position\":\"center-center\",\"padding\":\"small\",\"animation\":\"fade\",\"animation_delay\":\"200\"},\"children\":[{\"name\":\"\",\"type\":\"row\",\"children\":[{\"name\":\"\",\"type\":\"column\",\"props\":{\"image_position\":\"center-center\",\"media_overlay_gradient\":\"\",\"width_medium\":\"1-1\",\"position_sticky_breakpoint\":\"m\"},\"children\":[{\"name\":\"\",\"type\":\"headline\",\"props\":{\"title_element\":\"h2\",\"content\":\"I Nostri<span class=\\\"uk-text-primary\\\"> Partners<\\\/span>\",\"text_align\":\"center\",\"margin\":\"large\"}},{\"name\":\"\",\"type\":\"gallery\",\"props\":{\"show_title\":false,\"show_meta\":false,\"show_content\":true,\"show_link\":true,\"show_hover_image\":false,\"grid_default\":\"2\",\"grid_medium\":\"\",\"overlay_mode\":\"caption\",\"overlay_hover\":false,\"overlay_style\":\"\",\"text_color\":\"light\",\"overlay_position\":\"center\",\"overlay_transition\":\"fade\",\"title_element\":\"h3\",\"meta_style\":\"meta\",\"meta_align\":\"below-title\",\"text_align\":\"center\",\"margin\":\"medium\",\"grid_small\":\"4\",\"item_animation\":true,\"filter_style\":\"tab\",\"filter_all\":true,\"filter_position\":\"top\",\"filter_align\":\"left\",\"filter_grid_width\":\"auto\",\"grid_column_gap\":\"large\",\"grid_row_gap\":\"large\",\"filter_grid_breakpoint\":\"m\",\"overlay_link\":true,\"link_text\":\"\",\"title_hover_style\":\"reset\",\"link_style\":\"default\",\"animation\":\"none\",\"meta_element\":\"div\",\"grid_masonry\":false},\"children\":[{\"name\":\"\",\"type\":\"gallery_item\",\"props\":{\"image\":\"wp-content\\\/uploads\\\/EuroInformatica-logo-grigio.jpg\",\"link\":\"\",\"title\":\"Euro informatica\",\"hover_image\":null}},{\"name\":\"\",\"type\":\"gallery_item\",\"props\":{\"image\":\"wp-content\\\/uploads\\\/Infonet-logo-grande-grigio.jpg\",\"link\":\"index.php?page_id=29\",\"title\":\"Infonet Solutions\",\"hover_image\":null,\"media_background\":\"rgba(0, 0, 0, 0.37)\"}},{\"name\":\"\",\"type\":\"gallery_item\",\"props\":{\"image\":\"wp-content\\\/uploads\\\/logo-irideos.svg\",\"link\":\"index.php?page_id=29\",\"title\":\"Irideos\",\"hover_image\":null}},{\"name\":\"\",\"type\":\"gallery_item\",\"props\":{\"image\":\"wp-content\\\/uploads\\\/Sistemilogo.png\",\"link\":\"index.php?page_id=29\",\"title\":\"Sistemi\",\"hover_image\":null,\"media_background\":\"rgba(39, 35, 35, 0.39)\"}}]}]}]}]}],\"version\":\"2.7.21\"} --><\/p>\n","protected":false},"excerpt":{"rendered":"<p>Ambiente Accedi qui CRM Accedi qui Documenti Web Accedi qui Fatturazione Elettronica Accedi qui Gestione Aziendale Accedi qui Gestione Consorzi Energetici Accedi qui Registro Forniture Accedi qui Rilevazione Presenze Accedi qui Oltre 30 anni di esperienza nel campo IT Il punto di riferimento per le piccole e medie imprese e per le Associazioni di Categoria [&hellip;]<\/p>\n","protected":false},"author":1,"featured_media":0,"parent":0,"menu_order":8,"comment_status":"closed","ping_status":"closed","template":"","meta":[],"_links":{"self":[{"href":"https:\/\/test1.qhub.it\/index.php?rest_route=\/wp\/v2\/pages\/19"}],"collection":[{"href":"https:\/\/test1.qhub.it\/index.php?rest_route=\/wp\/v2\/pages"}],"about":[{"href":"https:\/\/test1.qhub.it\/index.php?rest_route=\/wp\/v2\/types\/page"}],"author":[{"embeddable":true,"href":"https:\/\/test1.qhub.it\/index.php?rest_route=\/wp\/v2\/users\/1"}],"replies":[{"embeddable":true,"href":"https:\/\/test1.qhub.it\/index.php?rest_route=%2Fwp%2Fv2%2Fcomments&post=19"}],"version-history":[{"count":163,"href":"https:\/\/test1.qhub.it\/index.php?rest_route=\/wp\/v2\/pages\/19\/revisions"}],"predecessor-version":[{"id":1172,"href":"https:\/\/test1.qhub.it\/index.php?rest_route=\/wp\/v2\/pages\/19\/revisions\/1172"}],"wp:attachment":[{"href":"https:\/\/test1.qhub.it\/index.php?rest_route=%2Fwp%2Fv2%2Fmedia&parent=19"}],"curies":[{"name":"wp","href":"https:\/\/api.w.org\/{rel}","templated":true}]}}